{"id":14,"date":"2022-10-19T13:30:27","date_gmt":"2022-10-19T13:30:27","guid":{"rendered":"https:\/\/demo.athemes.com\/botiga-beauty-el\/?page_id=14"},"modified":"2025-04-16T12:15:20","modified_gmt":"2025-04-16T12:15:20","slug":"home","status":"publish","type":"page","link":"https:\/\/trychoplakat.pl\/","title":{"rendered":"Home"},"content":{"rendered":"\t\t<div data-elementor-type=\"wp-page\" data-elementor-id=\"14\" class=\"elementor elementor-14\">\n\t\t\t\t\t\t<section class=\"elementor-section elementor-top-section elementor-element elementor-element-a53f34a elementor-section-full_width elementor-section-height-default elementor-section-height-default\" data-id=\"a53f34a\" data-element_type=\"section\" data-settings=\"{&quot;background_background&quot;:&quot;classic&quot;}\">\n\t\t\t\t\t\t<div class=\"elementor-container elementor-column-gap-default\">\n\t\t\t\t\t<div class=\"elementor-column elementor-col-100 elementor-top-column elementor-element elementor-element-56314a8\" data-id=\"56314a8\" data-element_type=\"column\">\n\t\t\t<div class=\"elementor-widget-wrap elementor-element-populated\">\n\t\t\t\t\t\t<section class=\"elementor-section elementor-inner-section elementor-element elementor-element-f0fbbd4 elementor-section-boxed elementor-section-height-default elementor-section-height-default\" data-id=\"f0fbbd4\" data-element_type=\"section\">\n\t\t\t\t\t\t<div class=\"elementor-container elementor-column-gap-default\">\n\t\t\t\t\t<div class=\"elementor-column elementor-col-50 elementor-inner-column elementor-element elementor-element-77f1ba6\" data-id=\"77f1ba6\" data-element_type=\"column\">\n\t\t\t<div class=\"elementor-widget-wrap elementor-element-populated\">\n\t\t\t\t\t\t<div class=\"elementor-element elementor-element-dbae005 elementor-invisible elementor-widget elementor-widget-heading\" data-id=\"dbae005\" data-element_type=\"widget\" data-settings=\"{&quot;_animation&quot;:&quot;fadeInUpShorter&quot;,&quot;_animation_delay&quot;:200}\" data-widget_type=\"heading.default\">\n\t\t\t\t<div class=\"elementor-widget-container\">\n\t\t\t<style>\/*! elementor - v3.23.0 - 05-08-2024 *\/\n.elementor-heading-title{padding:0;margin:0;line-height:1}.elementor-widget-heading .elementor-heading-title[class*=elementor-size-]>a{color:inherit;font-size:inherit;line-height:inherit}.elementor-widget-heading .elementor-heading-title.elementor-size-small{font-size:15px}.elementor-widget-heading .elementor-heading-title.elementor-size-medium{font-size:19px}.elementor-widget-heading .elementor-heading-title.elementor-size-large{font-size:29px}.elementor-widget-heading .elementor-heading-title.elementor-size-xl{font-size:39px}.elementor-widget-heading .elementor-heading-title.elementor-size-xxl{font-size:59px}<\/style><h1 class=\"elementor-heading-title elementor-size-default\">Trychoplakaty do Twojego gabinetu<\/h1>\t\t<\/div>\n\t\t\t\t<\/div>\n\t\t\t\t<div class=\"elementor-element elementor-element-87aedb5 elementor-invisible elementor-widget elementor-widget-button\" data-id=\"87aedb5\" data-element_type=\"widget\" data-settings=\"{&quot;_animation&quot;:&quot;fadeInUpShorter&quot;,&quot;_animation_delay&quot;:400}\" data-widget_type=\"button.default\">\n\t\t\t\t<div class=\"elementor-widget-container\">\n\t\t\t\t\t<div class=\"elementor-button-wrapper\">\n\t\t\t<a class=\"elementor-button elementor-button-link elementor-size-sm\" href=\"https:\/\/plakatytrychologiczne.cfolks.pl\/index.php\/shop\/\">\n\t\t\t\t\t\t<span class=\"elementor-button-content-wrapper\">\n\t\t\t\t\t\t\t\t\t<span class=\"elementor-button-text\">zobacz<\/span>\n\t\t\t\t\t<\/span>\n\t\t\t\t\t<\/a>\n\t\t<\/div>\n\t\t\t\t<\/div>\n\t\t\t\t<\/div>\n\t\t\t\t\t<\/div>\n\t\t<\/div>\n\t\t\t\t<div class=\"elementor-column elementor-col-50 elementor-inner-column elementor-element elementor-element-ffe626f\" data-id=\"ffe626f\" data-element_type=\"column\">\n\t\t\t<div class=\"elementor-widget-wrap\">\n\t\t\t\t\t\t\t<\/div>\n\t\t<\/div>\n\t\t\t\t\t<\/div>\n\t\t<\/section>\n\t\t\t\t\t<\/div>\n\t\t<\/div>\n\t\t\t\t\t<\/div>\n\t\t<\/section>\n\t\t\t\t<section class=\"elementor-section elementor-top-section elementor-element elementor-element-cc4ba2a elementor-section-boxed elementor-section-height-default elementor-section-height-default\" data-id=\"cc4ba2a\" data-element_type=\"section\">\n\t\t\t\t\t\t<div class=\"elementor-container elementor-column-gap-default\">\n\t\t\t\t\t<div class=\"elementor-column elementor-col-100 elementor-top-column elementor-element elementor-element-e654a9e\" data-id=\"e654a9e\" data-element_type=\"column\">\n\t\t\t<div class=\"elementor-widget-wrap elementor-element-populated\">\n\t\t\t\t\t\t<div class=\"elementor-element elementor-element-cfaddff elementor-invisible elementor-widget elementor-widget-heading\" data-id=\"cfaddff\" data-element_type=\"widget\" data-settings=\"{&quot;_animation&quot;:&quot;fadeInUpShorter&quot;,&quot;_animation_delay&quot;:200}\" data-widget_type=\"heading.default\">\n\t\t\t\t<div class=\"elementor-widget-container\">\n\t\t\t<h2 class=\"elementor-heading-title elementor-size-default\">Plakaty Trychologiczne<\/h2>\t\t<\/div>\n\t\t\t\t<\/div>\n\t\t\t\t<div class=\"elementor-element elementor-element-befef59 elementor-invisible elementor-widget elementor-widget-text-editor\" data-id=\"befef59\" data-element_type=\"widget\" data-settings=\"{&quot;_animation&quot;:&quot;fadeInUpShorter&quot;,&quot;_animation_delay&quot;:400}\" data-widget_type=\"text-editor.default\">\n\t\t\t\t<div class=\"elementor-widget-container\">\n\t\t\t<style>\/*! elementor - v3.23.0 - 05-08-2024 *\/\n.elementor-widget-text-editor.elementor-drop-cap-view-stacked .elementor-drop-cap{background-color:#69727d;color:#fff}.elementor-widget-text-editor.elementor-drop-cap-view-framed .elementor-drop-cap{color:#69727d;border:3px solid;background-color:transparent}.elementor-widget-text-editor:not(.elementor-drop-cap-view-default) .elementor-drop-cap{margin-top:8px}.elementor-widget-text-editor:not(.elementor-drop-cap-view-default) .elementor-drop-cap-letter{width:1em;height:1em}.elementor-widget-text-editor .elementor-drop-cap{float:left;text-align:center;line-height:1;font-size:50px}.elementor-widget-text-editor .elementor-drop-cap-letter{display:inline-block}<\/style>\t\t\t\t<p><span style=\"color: #1a1a1a; font-family: Roboto, sans-serif; font-size: 14px; text-align: start;\">Plakat, kt\u00f3ry ozdobi wn\u0119trze Twojego gabinetu i sprawi, \u017ce b\u0119dzie profesjonalnie wygl\u0105da\u0142.\u00a0<\/span><span style=\"color: #1a1a1a; font-family: Roboto, sans-serif; font-size: 14px; text-align: start; letter-spacing: 0px;\">Skupia si\u0119 na podstawowych zagadnieniach zwi\u0105zanych z anatomi\u0105 w\u0142osa. Mo\u017ce by\u0107 wykorzystany zar\u00f3wno w gabinecie trychologicznym, jak i kosmetologicznym czy fryzjerskim. Plakat pe\u0142ni rol\u0119 informacyjn\u0105 i edukacyjn\u0105.\u00a0<\/span><\/p>\t\t\t\t\t\t<\/div>\n\t\t\t\t<\/div>\n\t\t\t\t<div class=\"elementor-element elementor-element-908745f elementor-invisible elementor-widget elementor-widget-shortcode\" data-id=\"908745f\" data-element_type=\"widget\" data-settings=\"{&quot;_animation&quot;:&quot;fadeInUpShorter&quot;,&quot;_animation_delay&quot;:600}\" data-widget_type=\"shortcode.default\">\n\t\t\t\t<div class=\"elementor-widget-container\">\n\t\t\t\t\t<div class=\"elementor-shortcode\"><div class=\"woocommerce columns-3 product-grid\"><ul class=\"products columns-3\">\n<li class=\"product type-product post-824 status-publish first outofstock product_cat-plakaty product_cat-seria-anatomia has-post-thumbnail shipping-taxable product-type-simple has-gallery-images\">\n\t<\/li>\n<li class=\"product type-product post-603 status-publish outofstock product_cat-obrazy has-post-thumbnail shipping-taxable product-type-simple has-gallery-images\">\n\t<\/li>\n<li class=\"product type-product post-837 status-publish last outofstock product_cat-plakaty product_cat-seria-anatomia has-post-thumbnail shipping-taxable product-type-simple\">\n\t<\/li>\n<\/ul>\n<\/div><\/div>\n\t\t\t\t<\/div>\n\t\t\t\t<\/div>\n\t\t\t\t\t<\/div>\n\t\t<\/div>\n\t\t\t\t\t<\/div>\n\t\t<\/section>\n\t\t\t\t<section class=\"elementor-section elementor-top-section elementor-element elementor-element-5291af9 elementor-section-full_width elementor-section-height-default elementor-section-height-default\" data-id=\"5291af9\" data-element_type=\"section\" data-settings=\"{&quot;background_background&quot;:&quot;classic&quot;}\">\n\t\t\t\t\t\t<div class=\"elementor-container elementor-column-gap-default\">\n\t\t\t\t\t<div class=\"elementor-column elementor-col-100 elementor-top-column elementor-element elementor-element-0eb56ce\" data-id=\"0eb56ce\" data-element_type=\"column\">\n\t\t\t<div class=\"elementor-widget-wrap elementor-element-populated\">\n\t\t\t\t\t\t<section class=\"elementor-section elementor-inner-section elementor-element elementor-element-9b2fd73 elementor-section-boxed elementor-section-height-default elementor-section-height-default\" data-id=\"9b2fd73\" data-element_type=\"section\">\n\t\t\t\t\t\t<div class=\"elementor-container elementor-column-gap-default\">\n\t\t\t\t\t<div class=\"elementor-column elementor-col-100 elementor-inner-column elementor-element elementor-element-8a88a77\" data-id=\"8a88a77\" data-element_type=\"column\">\n\t\t\t<div class=\"elementor-widget-wrap elementor-element-populated\">\n\t\t\t\t\t\t<div class=\"elementor-element elementor-element-c8a29d4 elementor-invisible elementor-widget elementor-widget-heading\" data-id=\"c8a29d4\" data-element_type=\"widget\" data-settings=\"{&quot;_animation&quot;:&quot;fadeInUpShorter&quot;,&quot;_animation_delay&quot;:200}\" data-widget_type=\"heading.default\">\n\t\t\t\t<div class=\"elementor-widget-container\">\n\t\t\t<h2 class=\"elementor-heading-title elementor-size-large\">B\u0105d\u017a na bie\u017c\u0105co!<\/h2>\t\t<\/div>\n\t\t\t\t<\/div>\n\t\t\t\t<div class=\"elementor-element elementor-element-d80abce elementor-invisible elementor-widget elementor-widget-text-editor\" data-id=\"d80abce\" data-element_type=\"widget\" data-settings=\"{&quot;_animation&quot;:&quot;fadeInUpShorter&quot;,&quot;_animation_delay&quot;:400}\" data-widget_type=\"text-editor.default\">\n\t\t\t\t<div class=\"elementor-widget-container\">\n\t\t\t\t\t\t\t<p><span style=\"color: #212121; font-family: Inter, sans-serif;\">\u015aled\u017a Aktualno\u015bci. Zobacz gdzie nas spotka\u0107.<\/span><\/p>\t\t\t\t\t\t<\/div>\n\t\t\t\t<\/div>\n\t\t\t\t<div class=\"elementor-element elementor-element-39ef610 elementor-align-center elementor-invisible elementor-widget elementor-widget-button\" data-id=\"39ef610\" data-element_type=\"widget\" data-settings=\"{&quot;_animation&quot;:&quot;fadeInUpShorter&quot;,&quot;_animation_delay&quot;:600}\" data-widget_type=\"button.default\">\n\t\t\t\t<div class=\"elementor-widget-container\">\n\t\t\t\t\t<div class=\"elementor-button-wrapper\">\n\t\t\t<a class=\"elementor-button elementor-button-link elementor-size-sm\" href=\"https:\/\/plakatytrychologiczne.cfolks.pl\/index.php\/blog\/\">\n\t\t\t\t\t\t<span class=\"elementor-button-content-wrapper\">\n\t\t\t\t\t\t\t\t\t<span class=\"elementor-button-text\">AKTUALNO\u015aCI<\/span>\n\t\t\t\t\t<\/span>\n\t\t\t\t\t<\/a>\n\t\t<\/div>\n\t\t\t\t<\/div>\n\t\t\t\t<\/div>\n\t\t\t\t\t<\/div>\n\t\t<\/div>\n\t\t\t\t\t<\/div>\n\t\t<\/section>\n\t\t\t\t\t<\/div>\n\t\t<\/div>\n\t\t\t\t\t<\/div>\n\t\t<\/section>\n\t\t\t\t<section class=\"elementor-section elementor-top-section elementor-element elementor-element-398a725 elementor-section-boxed elementor-section-height-default elementor-section-height-default\" data-id=\"398a725\" data-element_type=\"section\">\n\t\t\t\t\t\t<div class=\"elementor-container elementor-column-gap-default\">\n\t\t\t\t\t<div class=\"elementor-column elementor-col-100 elementor-top-column elementor-element elementor-element-433c458\" data-id=\"433c458\" data-element_type=\"column\">\n\t\t\t<div class=\"elementor-widget-wrap elementor-element-populated\">\n\t\t\t\t\t\t<div class=\"elementor-element elementor-element-52f8025 elementor-invisible elementor-widget elementor-widget-heading\" data-id=\"52f8025\" data-element_type=\"widget\" data-settings=\"{&quot;_animation&quot;:&quot;fadeInUpShorter&quot;,&quot;_animation_delay&quot;:200}\" data-widget_type=\"heading.default\">\n\t\t\t\t<div class=\"elementor-widget-container\">\n\t\t\t<h2 class=\"elementor-heading-title elementor-size-default\">Interesujesz si\u0119 trychologi\u0105?<\/h2>\t\t<\/div>\n\t\t\t\t<\/div>\n\t\t\t\t<div class=\"elementor-element elementor-element-dc93279 elementor-invisible elementor-widget elementor-widget-text-editor\" data-id=\"dc93279\" data-element_type=\"widget\" data-settings=\"{&quot;_animation&quot;:&quot;fadeInUpShorter&quot;,&quot;_animation_delay&quot;:400}\" data-widget_type=\"text-editor.default\">\n\t\t\t\t<div class=\"elementor-widget-container\">\n\t\t\t\t\t\t\t<p>Poni\u017cej znajdziesz strony, kt\u00f3re warto odwiedzi\u0107.<\/p>\t\t\t\t\t\t<\/div>\n\t\t\t\t<\/div>\n\t\t\t\t<section class=\"elementor-section elementor-inner-section elementor-element elementor-element-a19ffd5 elementor-section-boxed elementor-section-height-default elementor-section-height-default elementor-invisible\" data-id=\"a19ffd5\" data-element_type=\"section\" data-settings=\"{&quot;animation&quot;:&quot;fadeInUpShorter&quot;,&quot;animation_delay&quot;:600}\">\n\t\t\t\t\t\t<div class=\"elementor-container elementor-column-gap-default\">\n\t\t\t\t\t<div class=\"elementor-column elementor-col-25 elementor-inner-column elementor-element elementor-element-9b22770\" data-id=\"9b22770\" data-element_type=\"column\">\n\t\t\t<div class=\"elementor-widget-wrap elementor-element-populated\">\n\t\t\t\t\t\t<div class=\"elementor-element elementor-element-3fcfc89 elementor-widget elementor-widget-image\" data-id=\"3fcfc89\" data-element_type=\"widget\" data-widget_type=\"image.default\">\n\t\t\t\t<div class=\"elementor-widget-container\">\n\t\t\t<style>\/*! elementor - v3.23.0 - 05-08-2024 *\/\n.elementor-widget-image{text-align:center}.elementor-widget-image a{display:inline-block}.elementor-widget-image a img[src$=\".svg\"]{width:48px}.elementor-widget-image img{vertical-align:middle;display:inline-block}<\/style>\t\t\t\t\t\t\t<figure class=\"wp-caption\">\n\t\t\t\t\t\t\t\t\t\t\t<a href=\"https:\/\/trycholog.info\/\">\n\t\t\t\t\t\t\t<img fetchpriority=\"high\" decoding=\"async\" width=\"1024\" height=\"1024\" src=\"https:\/\/trychoplakat.pl\/wp-content\/uploads\/2023\/09\/portal-trycholog.info-trychoplakaty.pl_-1024x1024.png\" class=\"attachment-large size-large wp-image-644\" alt=\"\" srcset=\"https:\/\/trychoplakat.pl\/wp-content\/uploads\/2023\/09\/portal-trycholog.info-trychoplakaty.pl_-1024x1024.png 1024w, https:\/\/trychoplakat.pl\/wp-content\/uploads\/2023\/09\/portal-trycholog.info-trychoplakaty.pl_-300x300.png 300w, https:\/\/trychoplakat.pl\/wp-content\/uploads\/2023\/09\/portal-trycholog.info-trychoplakaty.pl_-150x150.png 150w, https:\/\/trychoplakat.pl\/wp-content\/uploads\/2023\/09\/portal-trycholog.info-trychoplakaty.pl_-768x768.png 768w, https:\/\/trychoplakat.pl\/wp-content\/uploads\/2023\/09\/portal-trycholog.info-trychoplakaty.pl_-920x920.png 920w, https:\/\/trychoplakat.pl\/wp-content\/uploads\/2023\/09\/portal-trycholog.info-trychoplakaty.pl_-575x575.png 575w, https:\/\/trychoplakat.pl\/wp-content\/uploads\/2023\/09\/portal-trycholog.info-trychoplakaty.pl_-380x380.png 380w, https:\/\/trychoplakat.pl\/wp-content\/uploads\/2023\/09\/portal-trycholog.info-trychoplakaty.pl_-420x420.png 420w, https:\/\/trychoplakat.pl\/wp-content\/uploads\/2023\/09\/portal-trycholog.info-trychoplakaty.pl_-800x800.png 800w, https:\/\/trychoplakat.pl\/wp-content\/uploads\/2023\/09\/portal-trycholog.info-trychoplakaty.pl_-100x100.png 100w, https:\/\/trychoplakat.pl\/wp-content\/uploads\/2023\/09\/portal-trycholog.info-trychoplakaty.pl_.png 1080w\" sizes=\"(max-width: 1024px) 100vw, 1024px\" \/>\t\t\t\t\t\t\t\t<\/a>\n\t\t\t\t\t\t\t\t\t\t\t<figcaption class=\"widget-image-caption wp-caption-text\">TRYCHOLOG.INFO<\/figcaption>\n\t\t\t\t\t\t\t\t\t\t<\/figure>\n\t\t\t\t\t\t\t<\/div>\n\t\t\t\t<\/div>\n\t\t\t\t\t<\/div>\n\t\t<\/div>\n\t\t\t\t<div class=\"elementor-column elementor-col-25 elementor-inner-column elementor-element elementor-element-2570323\" data-id=\"2570323\" data-element_type=\"column\">\n\t\t\t<div class=\"elementor-widget-wrap elementor-element-populated\">\n\t\t\t\t\t\t<div class=\"elementor-element elementor-element-bd8f9cc elementor-widget elementor-widget-image\" data-id=\"bd8f9cc\" data-element_type=\"widget\" data-widget_type=\"image.default\">\n\t\t\t\t<div class=\"elementor-widget-container\">\n\t\t\t\t\t\t\t\t\t\t<figure class=\"wp-caption\">\n\t\t\t\t\t\t\t\t\t\t\t<a href=\"https:\/\/trycholodzy.org\/\">\n\t\t\t\t\t\t\t<img decoding=\"async\" width=\"1024\" height=\"1024\" src=\"https:\/\/trychoplakat.pl\/wp-content\/uploads\/2023\/09\/PST-trychoplakaty.pl_-1024x1024.png\" class=\"attachment-large size-large wp-image-647\" alt=\"\" srcset=\"https:\/\/trychoplakat.pl\/wp-content\/uploads\/2023\/09\/PST-trychoplakaty.pl_-1024x1024.png 1024w, https:\/\/trychoplakat.pl\/wp-content\/uploads\/2023\/09\/PST-trychoplakaty.pl_-300x300.png 300w, https:\/\/trychoplakat.pl\/wp-content\/uploads\/2023\/09\/PST-trychoplakaty.pl_-150x150.png 150w, https:\/\/trychoplakat.pl\/wp-content\/uploads\/2023\/09\/PST-trychoplakaty.pl_-768x768.png 768w, https:\/\/trychoplakat.pl\/wp-content\/uploads\/2023\/09\/PST-trychoplakaty.pl_-920x920.png 920w, https:\/\/trychoplakat.pl\/wp-content\/uploads\/2023\/09\/PST-trychoplakaty.pl_-575x575.png 575w, https:\/\/trychoplakat.pl\/wp-content\/uploads\/2023\/09\/PST-trychoplakaty.pl_-380x380.png 380w, https:\/\/trychoplakat.pl\/wp-content\/uploads\/2023\/09\/PST-trychoplakaty.pl_-420x420.png 420w, https:\/\/trychoplakat.pl\/wp-content\/uploads\/2023\/09\/PST-trychoplakaty.pl_-800x800.png 800w, https:\/\/trychoplakat.pl\/wp-content\/uploads\/2023\/09\/PST-trychoplakaty.pl_-100x100.png 100w, https:\/\/trychoplakat.pl\/wp-content\/uploads\/2023\/09\/PST-trychoplakaty.pl_.png 1080w\" sizes=\"(max-width: 1024px) 100vw, 1024px\" \/>\t\t\t\t\t\t\t\t<\/a>\n\t\t\t\t\t\t\t\t\t\t\t<figcaption class=\"widget-image-caption wp-caption-text\">POLSKIE STOWARZYSZENIE TRYCHOLOGICZNE<\/figcaption>\n\t\t\t\t\t\t\t\t\t\t<\/figure>\n\t\t\t\t\t\t\t<\/div>\n\t\t\t\t<\/div>\n\t\t\t\t\t<\/div>\n\t\t<\/div>\n\t\t\t\t<div class=\"elementor-column elementor-col-25 elementor-inner-column elementor-element elementor-element-1b2f266\" data-id=\"1b2f266\" data-element_type=\"column\">\n\t\t\t<div class=\"elementor-widget-wrap elementor-element-populated\">\n\t\t\t\t\t\t<div class=\"elementor-element elementor-element-ae7a6ae elementor-widget elementor-widget-image\" data-id=\"ae7a6ae\" data-element_type=\"widget\" data-widget_type=\"image.default\">\n\t\t\t\t<div class=\"elementor-widget-container\">\n\t\t\t\t\t\t\t\t\t\t<figure class=\"wp-caption\">\n\t\t\t\t\t\t\t\t\t\t\t<a href=\"https:\/\/okiemspecjalisty.pl\/\">\n\t\t\t\t\t\t\t<img decoding=\"async\" width=\"1024\" height=\"1024\" src=\"https:\/\/trychoplakat.pl\/wp-content\/uploads\/2023\/09\/magazyn-trychologia-trychoplakaty.pl_-1024x1024.png\" class=\"attachment-large size-large wp-image-645\" alt=\"\" srcset=\"https:\/\/trychoplakat.pl\/wp-content\/uploads\/2023\/09\/magazyn-trychologia-trychoplakaty.pl_-1024x1024.png 1024w, https:\/\/trychoplakat.pl\/wp-content\/uploads\/2023\/09\/magazyn-trychologia-trychoplakaty.pl_-300x300.png 300w, https:\/\/trychoplakat.pl\/wp-content\/uploads\/2023\/09\/magazyn-trychologia-trychoplakaty.pl_-150x150.png 150w, https:\/\/trychoplakat.pl\/wp-content\/uploads\/2023\/09\/magazyn-trychologia-trychoplakaty.pl_-768x768.png 768w, https:\/\/trychoplakat.pl\/wp-content\/uploads\/2023\/09\/magazyn-trychologia-trychoplakaty.pl_-920x920.png 920w, https:\/\/trychoplakat.pl\/wp-content\/uploads\/2023\/09\/magazyn-trychologia-trychoplakaty.pl_-575x575.png 575w, https:\/\/trychoplakat.pl\/wp-content\/uploads\/2023\/09\/magazyn-trychologia-trychoplakaty.pl_-380x380.png 380w, https:\/\/trychoplakat.pl\/wp-content\/uploads\/2023\/09\/magazyn-trychologia-trychoplakaty.pl_-420x420.png 420w, https:\/\/trychoplakat.pl\/wp-content\/uploads\/2023\/09\/magazyn-trychologia-trychoplakaty.pl_-800x800.png 800w, https:\/\/trychoplakat.pl\/wp-content\/uploads\/2023\/09\/magazyn-trychologia-trychoplakaty.pl_-100x100.png 100w, https:\/\/trychoplakat.pl\/wp-content\/uploads\/2023\/09\/magazyn-trychologia-trychoplakaty.pl_.png 1080w\" sizes=\"(max-width: 1024px) 100vw, 1024px\" \/>\t\t\t\t\t\t\t\t<\/a>\n\t\t\t\t\t\t\t\t\t\t\t<figcaption class=\"widget-image-caption wp-caption-text\">TRYCHOLOGIA OKIEM SPECJALISTY<\/figcaption>\n\t\t\t\t\t\t\t\t\t\t<\/figure>\n\t\t\t\t\t\t\t<\/div>\n\t\t\t\t<\/div>\n\t\t\t\t\t<\/div>\n\t\t<\/div>\n\t\t\t\t<div class=\"elementor-column elementor-col-25 elementor-inner-column elementor-element elementor-element-b4c83e4\" data-id=\"b4c83e4\" data-element_type=\"column\">\n\t\t\t<div class=\"elementor-widget-wrap elementor-element-populated\">\n\t\t\t\t\t\t<div class=\"elementor-element elementor-element-7404df9 elementor-widget elementor-widget-image\" data-id=\"7404df9\" data-element_type=\"widget\" data-widget_type=\"image.default\">\n\t\t\t\t<div class=\"elementor-widget-container\">\n\t\t\t\t\t\t\t\t\t\t<figure class=\"wp-caption\">\n\t\t\t\t\t\t\t\t\t\t\t<a href=\"https:\/\/progab.pl\/progab-hurtownia-online\">\n\t\t\t\t\t\t\t<img loading=\"lazy\" decoding=\"async\" width=\"1024\" height=\"1024\" src=\"https:\/\/trychoplakat.pl\/wp-content\/uploads\/2023\/09\/progab-hurtownia-trychoplakaty.pl_-1024x1024.png\" class=\"attachment-large size-large wp-image-646\" alt=\"\" srcset=\"https:\/\/trychoplakat.pl\/wp-content\/uploads\/2023\/09\/progab-hurtownia-trychoplakaty.pl_-1024x1024.png 1024w, https:\/\/trychoplakat.pl\/wp-content\/uploads\/2023\/09\/progab-hurtownia-trychoplakaty.pl_-300x300.png 300w, https:\/\/trychoplakat.pl\/wp-content\/uploads\/2023\/09\/progab-hurtownia-trychoplakaty.pl_-150x150.png 150w, https:\/\/trychoplakat.pl\/wp-content\/uploads\/2023\/09\/progab-hurtownia-trychoplakaty.pl_-768x768.png 768w, https:\/\/trychoplakat.pl\/wp-content\/uploads\/2023\/09\/progab-hurtownia-trychoplakaty.pl_-920x920.png 920w, https:\/\/trychoplakat.pl\/wp-content\/uploads\/2023\/09\/progab-hurtownia-trychoplakaty.pl_-575x575.png 575w, https:\/\/trychoplakat.pl\/wp-content\/uploads\/2023\/09\/progab-hurtownia-trychoplakaty.pl_-380x380.png 380w, https:\/\/trychoplakat.pl\/wp-content\/uploads\/2023\/09\/progab-hurtownia-trychoplakaty.pl_-420x420.png 420w, https:\/\/trychoplakat.pl\/wp-content\/uploads\/2023\/09\/progab-hurtownia-trychoplakaty.pl_-800x800.png 800w, https:\/\/trychoplakat.pl\/wp-content\/uploads\/2023\/09\/progab-hurtownia-trychoplakaty.pl_-100x100.png 100w, https:\/\/trychoplakat.pl\/wp-content\/uploads\/2023\/09\/progab-hurtownia-trychoplakaty.pl_.png 1080w\" sizes=\"(max-width: 1024px) 100vw, 1024px\" \/>\t\t\t\t\t\t\t\t<\/a>\n\t\t\t\t\t\t\t\t\t\t\t<figcaption class=\"widget-image-caption wp-caption-text\">PROGAB.PL HURTOWNIA B2B<\/figcaption>\n\t\t\t\t\t\t\t\t\t\t<\/figure>\n\t\t\t\t\t\t\t<\/div>\n\t\t\t\t<\/div>\n\t\t\t\t\t<\/div>\n\t\t<\/div>\n\t\t\t\t\t<\/div>\n\t\t<\/section>\n\t\t\t\t\t<\/div>\n\t\t<\/div>\n\t\t\t\t\t<\/div>\n\t\t<\/section>\n\t\t\t\t<\/div>\n\t\t","protected":false},"excerpt":{"rendered":"<p>Trychoplakaty do Twojego gabinetu zobacz Plakaty Trychologiczne Plakat, kt\u00f3ry ozdobi wn\u0119trze Twojego gabinetu i sprawi, \u017ce b\u0119dzie profesjonalnie wygl\u0105da\u0142.\u00a0Skupia si\u0119 na podstawowych zagadnieniach zwi\u0105zanych z anatomi\u0105 w\u0142osa. Mo\u017ce by\u0107 wykorzystany [&hellip;]<\/p>\n","protected":false},"author":1,"featured_media":0,"parent":0,"menu_order":0,"comment_status":"closed","ping_status":"closed","template":"elementor_header_footer","meta":[],"_links":{"self":[{"href":"https:\/\/trychoplakat.pl\/index.php\/wp-json\/wp\/v2\/pages\/14"}],"collection":[{"href":"https:\/\/trychoplakat.pl\/index.php\/wp-json\/wp\/v2\/pages"}],"about":[{"href":"https:\/\/trychoplakat.pl\/index.php\/wp-json\/wp\/v2\/types\/page"}],"author":[{"embeddable":true,"href":"https:\/\/trychoplakat.pl\/index.php\/wp-json\/wp\/v2\/users\/1"}],"replies":[{"embeddable":true,"href":"https:\/\/trychoplakat.pl\/index.php\/wp-json\/wp\/v2\/comments?post=14"}],"version-history":[{"count":72,"href":"https:\/\/trychoplakat.pl\/index.php\/wp-json\/wp\/v2\/pages\/14\/revisions"}],"predecessor-version":[{"id":821,"href":"https:\/\/trychoplakat.pl\/index.php\/wp-json\/wp\/v2\/pages\/14\/revisions\/821"}],"wp:attachment":[{"href":"https:\/\/trychoplakat.pl\/index.php\/wp-json\/wp\/v2\/media?parent=14"}],"curies":[{"name":"wp","href":"https:\/\/api.w.org\/{rel}","templated":true}]}}