{"id":393,"date":"2022-10-19T13:58:34","date_gmt":"2022-10-19T13:58:34","guid":{"rendered":"https:\/\/demo.athemes.com\/botiga-beauty-el\/?page_id=393"},"modified":"2023-09-15T15:37:42","modified_gmt":"2023-09-15T15:37:42","slug":"contact-us","status":"publish","type":"page","link":"https:\/\/trychoplakat.pl\/index.php\/contact-us\/","title":{"rendered":"Kontakt"},"content":{"rendered":"\t\t<div data-elementor-type=\"wp-page\" data-elementor-id=\"393\" class=\"elementor elementor-393\">\n\t\t\t\t\t\t<section class=\"elementor-section elementor-top-section elementor-element elementor-element-c275639 elementor-section-boxed elementor-section-height-default elementor-section-height-default\" data-id=\"c275639\" data-element_type=\"section\">\n\t\t\t\t\t\t<div class=\"elementor-container elementor-column-gap-default\">\n\t\t\t\t\t<div class=\"elementor-column elementor-col-100 elementor-top-column elementor-element elementor-element-0d095d2\" data-id=\"0d095d2\" data-element_type=\"column\">\n\t\t\t<div class=\"elementor-widget-wrap elementor-element-populated\">\n\t\t\t\t\t\t<div class=\"elementor-element elementor-element-55a89d3 elementor-invisible elementor-widget elementor-widget-heading\" data-id=\"55a89d3\" data-element_type=\"widget\" data-settings=\"{&quot;_animation&quot;:&quot;fadeInUpShorter&quot;,&quot;_animation_delay&quot;:200}\" data-widget_type=\"heading.default\">\n\t\t\t\t<div class=\"elementor-widget-container\">\n\t\t\t<style>\/*! elementor - v3.23.0 - 05-08-2024 *\/\n.elementor-heading-title{padding:0;margin:0;line-height:1}.elementor-widget-heading .elementor-heading-title[class*=elementor-size-]>a{color:inherit;font-size:inherit;line-height:inherit}.elementor-widget-heading .elementor-heading-title.elementor-size-small{font-size:15px}.elementor-widget-heading .elementor-heading-title.elementor-size-medium{font-size:19px}.elementor-widget-heading .elementor-heading-title.elementor-size-large{font-size:29px}.elementor-widget-heading .elementor-heading-title.elementor-size-xl{font-size:39px}.elementor-widget-heading .elementor-heading-title.elementor-size-xxl{font-size:59px}<\/style><h2 class=\"elementor-heading-title elementor-size-default\">Kontakt<\/h2>\t\t<\/div>\n\t\t\t\t<\/div>\n\t\t\t\t\t<\/div>\n\t\t<\/div>\n\t\t\t\t\t<\/div>\n\t\t<\/section>\n\t\t\t\t<section class=\"elementor-section elementor-top-section elementor-element elementor-element-76965ee elementor-section-boxed elementor-section-height-default elementor-section-height-default\" data-id=\"76965ee\" data-element_type=\"section\">\n\t\t\t\t\t\t<div class=\"elementor-container elementor-column-gap-default\">\n\t\t\t\t\t<div class=\"elementor-column elementor-col-50 elementor-top-column elementor-element elementor-element-f978b71\" data-id=\"f978b71\" data-element_type=\"column\">\n\t\t\t<div class=\"elementor-widget-wrap elementor-element-populated\">\n\t\t\t\t\t\t<div class=\"elementor-element elementor-element-edc06e3 elementor-widget elementor-widget-text-editor\" data-id=\"edc06e3\" data-element_type=\"widget\" data-widget_type=\"text-editor.default\">\n\t\t\t\t<div class=\"elementor-widget-container\">\n\t\t\t<style>\/*! elementor - v3.23.0 - 05-08-2024 *\/\n.elementor-widget-text-editor.elementor-drop-cap-view-stacked .elementor-drop-cap{background-color:#69727d;color:#fff}.elementor-widget-text-editor.elementor-drop-cap-view-framed .elementor-drop-cap{color:#69727d;border:3px solid;background-color:transparent}.elementor-widget-text-editor:not(.elementor-drop-cap-view-default) .elementor-drop-cap{margin-top:8px}.elementor-widget-text-editor:not(.elementor-drop-cap-view-default) .elementor-drop-cap-letter{width:1em;height:1em}.elementor-widget-text-editor .elementor-drop-cap{float:left;text-align:center;line-height:1;font-size:50px}.elementor-widget-text-editor .elementor-drop-cap-letter{display:inline-block}<\/style>\t\t\t\t<p><strong>Telefonicznie pod numerem:<\/strong>&nbsp;604-066-668<\/p><p><strong>Za pomoc\u0105 poczty elektronicznej:<\/strong> marketing@trycholog.info<\/p><p><strong>Pisemnie na adres:<\/strong><\/p><p>Beauty Management Sp. z o.o.<br>ul. Zaborowska 15\/13<br>01-462 Warszawa<\/p><p><strong>Dane rejestrowe:<\/strong><\/p><p>Beauty Management Sp. z o.o.<br>ul. Zaborowska 15\/13<br>01-462 Warszawa<br>NIP PL 5223082486<\/p><p><strong>Nasz numer konta:<\/strong><br>mBank: 51 1140 2004 0000 3002 7666 8277<\/p>\t\t\t\t\t\t<\/div>\n\t\t\t\t<\/div>\n\t\t\t\t\t<\/div>\n\t\t<\/div>\n\t\t\t\t<div class=\"elementor-column elementor-col-50 elementor-top-column elementor-element elementor-element-b248c71\" data-id=\"b248c71\" data-element_type=\"column\">\n\t\t\t<div class=\"elementor-widget-wrap elementor-element-populated\">\n\t\t\t\t\t\t<div class=\"elementor-element elementor-element-a93559f elementor-widget elementor-widget-image\" data-id=\"a93559f\" data-element_type=\"widget\" data-widget_type=\"image.default\">\n\t\t\t\t<div class=\"elementor-widget-container\">\n\t\t\t<style>\/*! elementor - v3.23.0 - 05-08-2024 *\/\n.elementor-widget-image{text-align:center}.elementor-widget-image a{display:inline-block}.elementor-widget-image a img[src$=\".svg\"]{width:48px}.elementor-widget-image img{vertical-align:middle;display:inline-block}<\/style>\t\t\t\t\t\t\t\t\t\t<img fetchpriority=\"high\" decoding=\"async\" width=\"1024\" height=\"1024\" src=\"https:\/\/trychoplakat.pl\/wp-content\/uploads\/2023\/09\/Trychoplakat-Unerwienie-wlosa-12-1024x1024.png\" class=\"attachment-large size-large wp-image-783\" alt=\"\" srcset=\"https:\/\/trychoplakat.pl\/wp-content\/uploads\/2023\/09\/Trychoplakat-Unerwienie-wlosa-12-1024x1024.png 1024w, https:\/\/trychoplakat.pl\/wp-content\/uploads\/2023\/09\/Trychoplakat-Unerwienie-wlosa-12-300x300.png 300w, https:\/\/trychoplakat.pl\/wp-content\/uploads\/2023\/09\/Trychoplakat-Unerwienie-wlosa-12-150x150.png 150w, https:\/\/trychoplakat.pl\/wp-content\/uploads\/2023\/09\/Trychoplakat-Unerwienie-wlosa-12-768x768.png 768w, https:\/\/trychoplakat.pl\/wp-content\/uploads\/2023\/09\/Trychoplakat-Unerwienie-wlosa-12-920x920.png 920w, https:\/\/trychoplakat.pl\/wp-content\/uploads\/2023\/09\/Trychoplakat-Unerwienie-wlosa-12-575x575.png 575w, https:\/\/trychoplakat.pl\/wp-content\/uploads\/2023\/09\/Trychoplakat-Unerwienie-wlosa-12-380x380.png 380w, https:\/\/trychoplakat.pl\/wp-content\/uploads\/2023\/09\/Trychoplakat-Unerwienie-wlosa-12-420x420.png 420w, https:\/\/trychoplakat.pl\/wp-content\/uploads\/2023\/09\/Trychoplakat-Unerwienie-wlosa-12-800x800.png 800w, https:\/\/trychoplakat.pl\/wp-content\/uploads\/2023\/09\/Trychoplakat-Unerwienie-wlosa-12-100x100.png 100w, https:\/\/trychoplakat.pl\/wp-content\/uploads\/2023\/09\/Trychoplakat-Unerwienie-wlosa-12.png 1080w\" sizes=\"(max-width: 1024px) 100vw, 1024px\" \/>\t\t\t\t\t\t\t\t\t\t\t\t\t<\/div>\n\t\t\t\t<\/div>\n\t\t\t\t\t<\/div>\n\t\t<\/div>\n\t\t\t\t\t<\/div>\n\t\t<\/section>\n\t\t\t\t<section class=\"elementor-section elementor-top-section elementor-element elementor-element-de71197 elementor-section-boxed elementor-section-height-default elementor-section-height-default\" data-id=\"de71197\" data-element_type=\"section\">\n\t\t\t\t\t\t<div class=\"elementor-container elementor-column-gap-default\">\n\t\t\t\t\t<div class=\"elementor-column elementor-col-100 elementor-top-column elementor-element elementor-element-0795701\" data-id=\"0795701\" data-element_type=\"column\">\n\t\t\t<div class=\"elementor-widget-wrap elementor-element-populated\">\n\t\t\t\t\t\t<div class=\"elementor-element elementor-element-b69ec72 elementor-widget elementor-widget-text-editor\" data-id=\"b69ec72\" data-element_type=\"widget\" data-widget_type=\"text-editor.default\">\n\t\t\t\t<div class=\"elementor-widget-container\">\n\t\t\t\t\t\t\t<p>Administratorem danych osobowych jest firma Beauty Management Sp. z o.o.\u00a0z siedzib\u0105 pod adresem ul. Zaborowska 15\/13, 01-462 Warszawa, wpisana do Krajowego Rejestru S\u0105dowego &#8211; rejestru przedsi\u0119biorc\u00f3w przez S\u0105d Rejonowy dla M. St Warszawy w Warszawie,XIII Wydzia\u0142 Gospodarczy Krajowego Rejestru S\u0105dowego, pod nr KRS 0000660827, NIP 5223082486, nr REGON 36644468000000<\/p><p>Podane dane osobowe b\u0119d\u0105 przetwarzane w celu udzielenia odpowiedzi na przes\u0142ane zapytanie zgodnie Regulaminem i Polityk\u0105 prywatno\u015bci.<\/p>\t\t\t\t\t\t<\/div>\n\t\t\t\t<\/div>\n\t\t\t\t\t<\/div>\n\t\t<\/div>\n\t\t\t\t\t<\/div>\n\t\t<\/section>\n\t\t\t\t<\/div>\n\t\t","protected":false},"excerpt":{"rendered":"<p>Kontakt Telefonicznie pod numerem:&nbsp;604-066-668 Za pomoc\u0105 poczty elektronicznej: marketing@trycholog.info Pisemnie na adres: Beauty Management Sp. z o.o.ul. Zaborowska 15\/1301-462 Warszawa Dane rejestrowe: Beauty Management Sp. z o.o.ul. Zaborowska 15\/1301-462 WarszawaNIP [&hellip;]<\/p>\n","protected":false},"author":1,"featured_media":0,"parent":0,"menu_order":0,"comment_status":"closed","ping_status":"closed","template":"elementor_header_footer","meta":[],"_links":{"self":[{"href":"https:\/\/trychoplakat.pl\/index.php\/wp-json\/wp\/v2\/pages\/393"}],"collection":[{"href":"https:\/\/trychoplakat.pl\/index.php\/wp-json\/wp\/v2\/pages"}],"about":[{"href":"https:\/\/trychoplakat.pl\/index.php\/wp-json\/wp\/v2\/types\/page"}],"author":[{"embeddable":true,"href":"https:\/\/trychoplakat.pl\/index.php\/wp-json\/wp\/v2\/users\/1"}],"replies":[{"embeddable":true,"href":"https:\/\/trychoplakat.pl\/index.php\/wp-json\/wp\/v2\/comments?post=393"}],"version-history":[{"count":28,"href":"https:\/\/trychoplakat.pl\/index.php\/wp-json\/wp\/v2\/pages\/393\/revisions"}],"predecessor-version":[{"id":786,"href":"https:\/\/trychoplakat.pl\/index.php\/wp-json\/wp\/v2\/pages\/393\/revisions\/786"}],"wp:attachment":[{"href":"https:\/\/trychoplakat.pl\/index.php\/wp-json\/wp\/v2\/media?parent=393"}],"curies":[{"name":"wp","href":"https:\/\/api.w.org\/{rel}","templated":true}]}}