{"id":31,"date":"2021-07-17T09:49:14","date_gmt":"2021-07-17T09:49:14","guid":{"rendered":"https:\/\/demo.athemes.com\/botiga\/?post_type=product&#038;p=31"},"modified":"2025-10-29T20:37:41","modified_gmt":"2025-10-29T20:37:41","slug":"plakat-dlaczego-wlosy-wypadaja","status":"publish","type":"product","link":"https:\/\/trychoplakat.pl\/index.php\/produkt\/plakat-dlaczego-wlosy-wypadaja\/","title":{"rendered":"Plakat: Dlaczego w\u0142osy wypadaj\u0105?"},"content":{"rendered":"<p>&#8222;Dlaczego w\u0142osy wypadaj\u0105?&#8221; &#8211; no w\u0142a\u015bnie&#8230; dlaczego? Przyczyn mo\u017ce by\u0107 wiele. Plakat obrazuje najcz\u0119stsze powody os\u0142abienia i wypadania w\u0142os\u00f3w. Pozwala na chwil\u0119 zastanowienia i przemy\u015blenia co do sposobu \u017cycia i codziennych nawyk\u00f3w.<\/p>\n<p>Plakat \u015bwietnie sprawdzi si\u0119 na \u015bcianach recepcji gabinetu trychologicznego, poczekalni gabinetu kosmetologicznego czy fryzjerskiego, jak i w przychodni dermatologicznej.<\/p>\n<p>Plakat pe\u0142ni rol\u0119 informacyjn\u0105 i edukacyjn\u0105. Pozwoli zaj\u0105\u0107 klienta w oczekiwaniu na konsultacj\u0119 trychologiczn\u0105 oraz utrwali\u0107 przydatne informacje w jego pod\u015bwiadomo\u015bci.<\/p>\n<p>Plakat w formacie B2 (50x70cm) zosta\u0142 wydrukowany na matowym papierze kredowym o gramaturze 150g. Taki dob\u00f3r papieru sprawi, \u017ce plakat \u015bwietnie b\u0119dzie wygl\u0105da\u0142 w ramie z szyb\u0105, jak i plexi, a tak\u017ce pozwoli na odpowiednie uwidocznienie grafiki. Ewentualne r\u00f3\u017cnice w barwach i odcieniach wydruku mog\u0105 wynika\u0107 z indywidualnych ustawienie\u0144 monitora.<\/p>\n<p>Plakat sprzedawany jest bez ramy. Dzi\u0119ki zamieszczonym wizualizacjom chcieli\u015bmy pom\u00f3c Tobie w wyborze plakatu, kt\u00f3ry b\u0119dzie najlepiej pasowa\u0142 do Twojego wn\u0119trza.<\/p>\n<p>Plakat sprzedawany jest w tubie, kt\u00f3r\u0105 przed wysy\u0142k\u0105 dok\u0142adnie zabezpieczamy foli\u0105, aby bezpiecznie dotar\u0142a do miejsca przeznaczenia.<\/p>\n<p>Jeste\u015b zainteresowany innym rozmiarem? Napisz do nas!<\/p>\n<hr \/>\n<p>Copyright 2022 by Beauty Management Sp. z o.o.<\/p>\n","protected":false},"excerpt":{"rendered":"<p>Plakat zar\u00f3wno do poczekalni, ozdoby gabinetu, jak i aran\u017cacj\u0119 korytarza gabinetu trychologicznego. Edukacyjna tre\u015b\u0107 nie pozwoli nudzi\u0107 si\u0119 Twoim klientom w oczekiwaniu na spotkanie z Tob\u0105. Plakat pe\u0142ni rol\u0119 informacyjn\u0105 i edukacyjn\u0105.<\/p>\n<hr \/>\n<p>Zam\u00f3w przez <strong><a href=\"https:\/\/business.allegro.pl\/uzytkownik\/TrychoBM\" target=\"_blank\" rel=\"noopener\">Allegro<\/a><\/strong> lub panel B2B <strong><a href=\"https:\/\/progab.pl\/progab-hurtownia-online\" target=\"_blank\" rel=\"noopener\">PROGAB.PL<\/a><\/strong><\/p>\n","protected":false},"featured_media":458,"comment_status":"open","ping_status":"closed","template":"","meta":[],"product_cat":[25],"product_tag":[26,27,28],"_links":{"self":[{"href":"https:\/\/trychoplakat.pl\/index.php\/wp-json\/wp\/v2\/product\/31"}],"collection":[{"href":"https:\/\/trychoplakat.pl\/index.php\/wp-json\/wp\/v2\/product"}],"about":[{"href":"https:\/\/trychoplakat.pl\/index.php\/wp-json\/wp\/v2\/types\/product"}],"replies":[{"embeddable":true,"href":"https:\/\/trychoplakat.pl\/index.php\/wp-json\/wp\/v2\/comments?post=31"}],"wp:featuredmedia":[{"embeddable":true,"href":"https:\/\/trychoplakat.pl\/index.php\/wp-json\/wp\/v2\/media\/458"}],"wp:attachment":[{"href":"https:\/\/trychoplakat.pl\/index.php\/wp-json\/wp\/v2\/media?parent=31"}],"wp:term":[{"taxonomy":"product_cat","embeddable":true,"href":"https:\/\/trychoplakat.pl\/index.php\/wp-json\/wp\/v2\/product_cat?post=31"},{"taxonomy":"product_tag","embeddable":true,"href":"https:\/\/trychoplakat.pl\/index.php\/wp-json\/wp\/v2\/product_tag?post=31"}],"curies":[{"name":"wp","href":"https:\/\/api.w.org\/{rel}","templated":true}]}}