{"id":93,"date":"2021-07-18T08:40:16","date_gmt":"2021-07-18T08:40:16","guid":{"rendered":"https:\/\/demo.athemes.com\/botiga\/?post_type=product&#038;p=93"},"modified":"2025-10-29T20:39:37","modified_gmt":"2025-10-29T20:39:37","slug":"plakat-fazy-wzrostu-wlosa-pion","status":"publish","type":"product","link":"https:\/\/trychoplakat.pl\/index.php\/produkt\/plakat-fazy-wzrostu-wlosa-pion\/","title":{"rendered":"Plakat: Fazy wzrostu w\u0142osa"},"content":{"rendered":"<p style=\"margin: 0px; padding: 0px; box-sizing: border-box; -webkit-appearance: none; border: 0px; outline: 0px; font-style: normal; font-weight: 400; font-size: 16px; line-height: inherit; text-decoration-line: inherit; text-decoration-style: initial; text-decoration-color: initial; color: #333333; font-family: Lato, sans-serif; font-variant-ligatures: normal; font-variant-caps: normal; letter-spacing: normal; orphans: 2; text-align: start; text-indent: 0px; text-transform: none; white-space: normal; widows: 2; word-spacing: 0px; -webkit-text-stroke-width: 0px; background-color: #ffffff;\">Plakat trychologiczny, kt\u00f3ry obrazowo pokazuje jak przebiega proces wzrostu w\u0142osa w trzech g\u0142\u00f3wnych fazach: anagenie, katagenie i telogenie.<\/p>\n<p style=\"margin: 0px; padding: 0px; box-sizing: border-box; -webkit-appearance: none; border: 0px; outline: 0px; font-style: normal; font-weight: 400; font-size: 16px; line-height: inherit; text-decoration-line: inherit; text-decoration-style: initial; text-decoration-color: initial; color: #333333; font-family: Lato, sans-serif; font-variant-ligatures: normal; font-variant-caps: normal; letter-spacing: normal; orphans: 2; text-align: start; text-indent: 0px; text-transform: none; white-space: normal; widows: 2; word-spacing: 0px; -webkit-text-stroke-width: 0px; background-color: #ffffff;\"><strong>Anagen<\/strong> &#8211; aktywna faza wzrostu w\u0142osa, kt\u00f3r\u0105 obj\u0119te jest 85-90% w\u0142os\u00f3w na naszej g\u0142owie. W fazie tej w\u0142os dzi\u0119ki po\u0142\u0105czeniu z mieszkiem w\u0142osowym jest od\u017cywiany i dzieki temu ro\u015bnie. W zale\u017cnosci od uwarunkowa\u0144 genetycznych, dietetycznych, trybu \u017cycia przyjmuje si\u0119, \u017ce faza anagenu trwa do 6 lat.<\/p>\n<p style=\"margin: 0px; padding: 0px; box-sizing: border-box; -webkit-appearance: none; border: 0px; outline: 0px; font-style: normal; font-weight: 400; font-size: 16px; line-height: inherit; text-decoration-line: inherit; text-decoration-style: initial; text-decoration-color: initial; color: #333333; font-family: Lato, sans-serif; font-variant-ligatures: normal; font-variant-caps: normal; letter-spacing: normal; orphans: 2; text-align: start; text-indent: 0px; text-transform: none; white-space: normal; widows: 2; word-spacing: 0px; -webkit-text-stroke-width: 0px; background-color: #ffffff;\"><strong>Katagen<\/strong> &#8211; faza zatrzymania wzrostu zwana te\u017c faz\u0105 zaniku, poniewa\u017c w\u0142os w tym okresie od\u0142\u0105cza si\u0119 od mieszka w\u0142osowego i obumiera i stopniowo w\u0142os wysuwa si\u0119 z mieszka w\u0142osowego. Przyjmuje si\u0119, ze w zale\u017cno\u015bci od uwarunkowa\u0144 \u017ce faza katagenu trwa ok. 2-3 tygodni\u00a0 i obj\u0119te jest ni\u0105 ok. do 3% w\u0142os\u00f3w na g\u0142owie.<\/p>\n<p style=\"margin: 0px; padding: 0px; box-sizing: border-box; -webkit-appearance: none; border: 0px; outline: 0px; font-style: normal; font-weight: 400; font-size: 16px; line-height: inherit; text-decoration-line: inherit; text-decoration-style: initial; text-decoration-color: initial; color: #333333; font-family: Lato, sans-serif; font-variant-ligatures: normal; font-variant-caps: normal; letter-spacing: normal; orphans: 2; text-align: start; text-indent: 0px; text-transform: none; white-space: normal; widows: 2; word-spacing: 0px; -webkit-text-stroke-width: 0px; background-color: #ffffff;\"><strong>Telogen<\/strong> &#8211; nazywany faz\u0105 spoczynku mieszka w\u0142osowego, gdy\u017c jest to moment, w kt\u00f3rym nie rosn\u0105 nowe w\u0142osy, a sam mieszek w\u0142osowy jest pusty. Faza ta mo\u017ce trwa\u0107 u zdrowej osoby nawet do trzech miesiecy i obejmuje do oko\u0142o 15% w\u0142os\u00f3w na g\u0142owie.<\/p>\n<p style=\"margin: 0px; padding: 0px; box-sizing: border-box; -webkit-appearance: none; border: 0px; outline: 0px; font-style: normal; font-weight: 400; font-size: 16px; line-height: inherit; text-decoration-line: inherit; text-decoration-style: initial; text-decoration-color: initial; color: #333333; font-family: Lato, sans-serif; font-variant-ligatures: normal; font-variant-caps: normal; letter-spacing: normal; orphans: 2; text-align: start; text-indent: 0px; text-transform: none; white-space: normal; widows: 2; word-spacing: 0px; -webkit-text-stroke-width: 0px; background-color: #ffffff;\">Mo\u017ce by\u0107 wykorzystany zar\u00f3wno w gabinecie trychologicznym, jak i kosmetologicznym czy fryzjerskim. Plakat pe\u0142ni rol\u0119 informacyjn\u0105 i edukacyjn\u0105.<\/p>\n<p style=\"margin: 0px; padding: 0px; box-sizing: border-box; -webkit-appearance: none; border: 0px; outline: 0px; font-style: normal; font-weight: 400; font-size: 16px; line-height: inherit; text-decoration-line: inherit; text-decoration-style: initial; text-decoration-color: initial; color: #333333; font-family: Lato, sans-serif; font-variant-ligatures: normal; font-variant-caps: normal; letter-spacing: normal; orphans: 2; text-align: start; text-indent: 0px; text-transform: none; white-space: normal; widows: 2; word-spacing: 0px; -webkit-text-stroke-width: 0px; background-color: #ffffff;\">Plakat w formacie B2 (50x70cm) drukowany jest na wysokiej jako\u015bci papierze: kreda satyna 200 g.\u00a0 Taki dob\u00f3r papieru pozwala na odpowiednie uwidocznienie grafiki. Ewentualne r\u00f3\u017cnice w barwach i odcieniach wydruku mog\u0105 wynika\u0107 z indywidualnych ustawienie\u0144 monitora.<\/p>\n<p style=\"margin: 0px; padding: 0px; box-sizing: border-box; -webkit-appearance: none; border: 0px; outline: 0px; font-style: normal; font-weight: 400; font-size: 16px; line-height: inherit; text-decoration-line: inherit; text-decoration-style: initial; text-decoration-color: initial; color: #333333; font-family: Lato, sans-serif; font-variant-ligatures: normal; font-variant-caps: normal; letter-spacing: normal; orphans: 2; text-align: start; text-indent: 0px; text-transform: none; white-space: normal; widows: 2; word-spacing: 0px; -webkit-text-stroke-width: 0px; background-color: #ffffff;\">Produkt sprzedawany jest bez ramy. Dzi\u0119ki zamieszczonym wizualizacjom chcieli\u015bmy pom\u00f3c Tobie w wyborze plakatu, kt\u00f3ry b\u0119dzie nalepiej pasowa\u0142 do Twojego wn\u0119trza.\u00a0\u00a0Je\u017celi potrzebujesz przyci\u0105\u0107 plakat do ramki, w kt\u00f3r\u0105 chcesz w\u0142o\u017cysz plakat, doradzamy u\u017cycie ostrego no\u017cyka do tapet, aby przyci\u0105\u0107 i dopasowa\u0107 plakat do ramki.<\/p>\n<p style=\"margin: 0px; padding: 0px; box-sizing: border-box; -webkit-appearance: none; border: 0px; outline: 0px; font-style: normal; font-weight: 400; font-size: 16px; line-height: inherit; text-decoration-line: inherit; text-decoration-style: initial; text-decoration-color: initial; color: #333333; font-family: Lato, sans-serif; font-variant-ligatures: normal; font-variant-caps: normal; letter-spacing: normal; orphans: 2; text-align: start; text-indent: 0px; text-transform: none; white-space: normal; widows: 2; word-spacing: 0px; -webkit-text-stroke-width: 0px; background-color: #ffffff;\">Plakat sprzedawany jest w tubie, kt\u00f3r\u0105 przed wysy\u0142k\u0105 dok\u0142adnie zabezpieczamy foli\u0105, aby bezpiecznie dotar\u0142a do miejsca przeznaczenia.<\/p>\n<p style=\"margin: 0px; padding: 0px; box-sizing: border-box; -webkit-appearance: none; border: 0px; outline: 0px; font-style: normal; font-weight: 400; font-size: 16px; line-height: inherit; text-decoration-line: inherit; text-decoration-style: initial; text-decoration-color: initial; color: #333333; font-family: Lato, sans-serif; font-variant-ligatures: normal; font-variant-caps: normal; letter-spacing: normal; orphans: 2; text-align: start; text-indent: 0px; text-transform: none; white-space: normal; widows: 2; word-spacing: 0px; -webkit-text-stroke-width: 0px; background-color: #ffffff;\">Jeste\u015b zainteresowany innym rozmiarem? Napisz do nas!<\/p>\n<hr style=\"margin: 20px 0px; padding: 0px; box-sizing: content-box; -webkit-appearance: none; border: 1px outset; outline: 0px; font-style: normal; font-weight: 400; font-size: 16px; line-height: inherit; text-decoration-line: inherit; text-decoration-style: initial; text-decoration-color: initial; color: #333333; height: 0px; font-family: Lato, sans-serif; font-variant-ligatures: normal; font-variant-caps: normal; letter-spacing: normal; orphans: 2; text-align: start; text-indent: 0px; text-transform: none; white-space: normal; widows: 2; word-spacing: 0px; -webkit-text-stroke-width: 0px; background-color: #ffffff;\" \/>\n<p style=\"margin: 0px; padding: 0px; box-sizing: border-box; -webkit-appearance: none; border: 0px; outline: 0px; font-style: normal; font-weight: 400; font-size: 16px; line-height: inherit; text-decoration-line: inherit; text-decoration-style: initial; text-decoration-color: initial; color: #333333; font-family: Lato, sans-serif; font-variant-ligatures: normal; font-variant-caps: normal; letter-spacing: normal; orphans: 2; text-align: start; text-indent: 0px; text-transform: none; white-space: normal; widows: 2; word-spacing: 0px; -webkit-text-stroke-width: 0px; background-color: #ffffff;\">Copyright 2019 by Beauty Management Sp. z o.o.<\/p>\n","protected":false},"excerpt":{"rendered":"<p>Plakat, kt\u00f3ry ozdobi wn\u0119trze Twojego gabinetu i sprawi, \u017ce b\u0119dzie profesjonalnie wygl\u0105da\u0142. Skupia si\u0119 na pokazaniu trzech g\u0142\u00f3wnych faz wzrostu w\u0142osa &#8211; anagen, katagen, telogen. Mo\u017ce by\u0107 wykorzystany zar\u00f3wno w gabinecie trychologicznym, jak i kosmetologicznym czy fryzjerskim. Plakat pe\u0142ni rol\u0119 informacyjn\u0105 i edukacyjn\u0105.<\/p>\n<hr \/>\n<p>Zam\u00f3w przez <strong><a href=\"https:\/\/business.allegro.pl\/uzytkownik\/TrychoBM\" target=\"_blank\" rel=\"noopener\">Allegro<\/a><\/strong> lub panel B2B <strong><a href=\"https:\/\/progab.pl\/progab-hurtownia-online\" target=\"_blank\" rel=\"noopener\">PROGAB.PL<\/a><\/strong><\/p>\n","protected":false},"featured_media":730,"comment_status":"open","ping_status":"closed","template":"","meta":[],"product_cat":[24],"product_tag":[],"_links":{"self":[{"href":"https:\/\/trychoplakat.pl\/index.php\/wp-json\/wp\/v2\/product\/93"}],"collection":[{"href":"https:\/\/trychoplakat.pl\/index.php\/wp-json\/wp\/v2\/product"}],"about":[{"href":"https:\/\/trychoplakat.pl\/index.php\/wp-json\/wp\/v2\/types\/product"}],"replies":[{"embeddable":true,"href":"https:\/\/trychoplakat.pl\/index.php\/wp-json\/wp\/v2\/comments?post=93"}],"wp:featuredmedia":[{"embeddable":true,"href":"https:\/\/trychoplakat.pl\/index.php\/wp-json\/wp\/v2\/media\/730"}],"wp:attachment":[{"href":"https:\/\/trychoplakat.pl\/index.php\/wp-json\/wp\/v2\/media?parent=93"}],"wp:term":[{"taxonomy":"product_cat","embeddable":true,"href":"https:\/\/trychoplakat.pl\/index.php\/wp-json\/wp\/v2\/product_cat?post=93"},{"taxonomy":"product_tag","embeddable":true,"href":"https:\/\/trychoplakat.pl\/index.php\/wp-json\/wp\/v2\/product_tag?post=93"}],"curies":[{"name":"wp","href":"https:\/\/api.w.org\/{rel}","templated":true}]}}