{"id":94,"date":"2021-07-18T08:40:27","date_gmt":"2021-07-18T08:40:27","guid":{"rendered":"https:\/\/demo.athemes.com\/botiga\/?post_type=product&#038;p=94"},"modified":"2025-10-29T20:40:00","modified_gmt":"2025-10-29T20:40:00","slug":"plakat-miniaturyzacja-mieszkow-wlosowych","status":"publish","type":"product","link":"https:\/\/trychoplakat.pl\/index.php\/produkt\/plakat-miniaturyzacja-mieszkow-wlosowych\/","title":{"rendered":"Plakat: Miniaturyzacja mieszk\u00f3w w\u0142osowych"},"content":{"rendered":"<p>Plakat trychologiczny w wersji poziomej, kt\u00f3ry obrazowo pokazuje jak przebiega proces miniaturyzacji w\u0142os\u00f3w w porcesie androgenezy. Jego zadaniem jest u\u0142atwienie zrozumienia procesu i pokazanie klientom na czym on polega. Stanowi wsparcie trychologa podczas konsultacji.<\/p>\n<p>Premiera plakatu odby\u0142a si\u0119 24-25 wrzesnia podczas XIII Konferencji Trychologicznej w Warszawie.<\/p>\n<p>&#8211; &#8211; &#8211;<\/p>\n<p>Plakat mo\u017ce by\u0107 wykorzystany zar\u00f3wno w gabinecie trychologicznym, jak i kosmetologicznym czy fryzjerskim. Plakat pe\u0142ni rol\u0119 informacyjn\u0105 i edukacyjn\u0105.<\/p>\n<p>Plakat w formacie B2 (70x50cm) drukowany jest na wysokiej jako\u015bci papierze kredowym nab\u0142yszczanym o gramaturze 200 g.\u00a0 Taki dob\u00f3r papieru pozwala na odpowiednie uwidocznienie grafiki. Ewentualne r\u00f3\u017cnice w barwach i odcieniach wydruku mog\u0105 wynika\u0107 z indywidualnych ustawienie\u0144 monitora.<\/p>\n<p><strong>Produkt sprzedawany jest bez ramy.<\/strong>\u00a0Dzi\u0119ki zamieszczonym wizualizacjom chcieli\u015bmy pom\u00f3c Tobie w wyborze plakatu, kt\u00f3ry b\u0119dzie nalepiej pasowa\u0142 do Twojego wn\u0119trza.<\/p>\n<p>Plakat sprzedawany jest w tubie, kt\u00f3r\u0105 przed wysy\u0142k\u0105 dok\u0142adnie zabezpieczamy foli\u0105, aby bezpiecznie dotar\u0142a do miejsca przeznaczenia.<\/p>\n<p>Jeste\u015b zainteresowany innym rozmiarem? Napisz do nas!<\/p>\n<hr \/>\n<p>Copyright 2021 by Beauty Management Sp. z o.o.<\/p>\n<p>&nbsp;<\/p>\n","protected":false},"excerpt":{"rendered":"<p>Plakat w poziomie, pokazuj\u0105cy proces miniaturyzacji mieszk\u00f3w w\u0142osowych w procesie androgenezy. \u015awietnie sprawdzi si\u0119 zar\u00f3wno w gabinecie trychologicznym, jak i kosmetologicznym czy fryzjerskim.<\/p>\n<hr \/>\n<p>Zam\u00f3w przez <strong><a href=\"https:\/\/business.allegro.pl\/uzytkownik\/TrychoBM\" target=\"_blank\" rel=\"noopener\">Allegro<\/a><\/strong> lub panel B2B <strong><a href=\"https:\/\/progab.pl\/progab-hurtownia-online\" target=\"_blank\" rel=\"noopener\">PROGAB.PL<\/a><\/strong><\/p>\n","protected":false},"featured_media":755,"comment_status":"closed","ping_status":"closed","template":"","meta":[],"product_cat":[24],"product_tag":[],"_links":{"self":[{"href":"https:\/\/trychoplakat.pl\/index.php\/wp-json\/wp\/v2\/product\/94"}],"collection":[{"href":"https:\/\/trychoplakat.pl\/index.php\/wp-json\/wp\/v2\/product"}],"about":[{"href":"https:\/\/trychoplakat.pl\/index.php\/wp-json\/wp\/v2\/types\/product"}],"replies":[{"embeddable":true,"href":"https:\/\/trychoplakat.pl\/index.php\/wp-json\/wp\/v2\/comments?post=94"}],"wp:featuredmedia":[{"embeddable":true,"href":"https:\/\/trychoplakat.pl\/index.php\/wp-json\/wp\/v2\/media\/755"}],"wp:attachment":[{"href":"https:\/\/trychoplakat.pl\/index.php\/wp-json\/wp\/v2\/media?parent=94"}],"wp:term":[{"taxonomy":"product_cat","embeddable":true,"href":"https:\/\/trychoplakat.pl\/index.php\/wp-json\/wp\/v2\/product_cat?post=94"},{"taxonomy":"product_tag","embeddable":true,"href":"https:\/\/trychoplakat.pl\/index.php\/wp-json\/wp\/v2\/product_tag?post=94"}],"curies":[{"name":"wp","href":"https:\/\/api.w.org\/{rel}","templated":true}]}}