{"id":95,"date":"2021-07-18T08:40:49","date_gmt":"2021-07-18T08:40:49","guid":{"rendered":"https:\/\/demo.athemes.com\/botiga\/?post_type=product&#038;p=95"},"modified":"2025-10-29T20:40:21","modified_gmt":"2025-10-29T20:40:21","slug":"plakat-fazy-wzrostu-wlosa-2","status":"publish","type":"product","link":"https:\/\/trychoplakat.pl\/index.php\/produkt\/plakat-fazy-wzrostu-wlosa-2\/","title":{"rendered":"Plakat: Fazy wzrostu w\u0142osa"},"content":{"rendered":"<p>Plakat trychologiczny, kt\u00f3ry obrazowo pokazuje jak przebiega proces wzrostu w kilku fazach:<\/p>\n<p><strong>Anagen<\/strong> &#8211; aktywna faza wzrostu w\u0142osa, kt\u00f3r\u0105 obj\u0119te jest 85-90% w\u0142os\u00f3w na naszej g\u0142owie. W fazie tej w\u0142os dzi\u0119ki po\u0142\u0105czeniu z mieszkiem w\u0142osowym jest od\u017cywiany i dzieki temu ro\u015bnie. W zale\u017cno\u015bci od uwarunkowa\u0144 genetycznych, dietetycznych, trybu \u017cycia przyjmuje si\u0119, \u017ce faza anagenu trwa do 7 lat.<\/p>\n<p><strong>Katagen<\/strong>\u00a0&#8211; faza zatrzymania wzrostu zwana te\u017c faz\u0105 zaniku, poniewa\u017c w\u0142os w tym okresie od\u0142\u0105cza si\u0119 od mieszka w\u0142osowego i obumiera i stopniowo w\u0142os wysuwa si\u0119 z mieszka w\u0142osowego. Przyjmuje si\u0119, ze w zale\u017cno\u015bci od uwarunkowa\u0144 \u017ce faza katagenu trwa ok. 2-3 tygodni\u00a0 i obj\u0119te jest ni\u0105 ok. do 3% w\u0142os\u00f3w na g\u0142owie.<\/p>\n<p><strong>Telogen<\/strong>\u00a0&#8211; nazywany faz\u0105 spoczynku mieszka w\u0142osowego, gdy\u017c jest to moment, w kt\u00f3rym nie rosn\u0105 nowe w\u0142osy, a sam mieszek w\u0142osowy jest pusty. Faza ta mo\u017ce trwa\u0107 u zdrowej osoby nawet do trzech miesiecy (2-4 miesi\u0105ce) i obejmuje do oko\u0142o 15% w\u0142os\u00f3w na g\u0142owie.<\/p>\n<p><strong>Exogen<\/strong>\u00a0&#8211; faza wypadania w\u0142osa wyodr\u0119biona z telogenu. trwa bardzo kr\u00f3tko, i generalnie polega na wypchni\u0119ciu starego w\u0142osa przez nowy, dzieki czemu stary w\u0142os wypada, a nowy ma miejsce, aby si\u0119 odrodzi\u0107.<\/p>\n<p>Ka\u017cdy mieszek w\u0142osowy przechodzi cykl \u015brednio 20-30 razy.<\/p>\n<p>&#8211; &#8211; &#8211;<\/p>\n<p>Plakat mo\u017ce by\u0107 wykorzystany zar\u00f3wno w gabinecie trychologicznym, jak i kosmetologicznym czy fryzjerskim. Plakat pe\u0142ni rol\u0119 informacyjn\u0105 i edukacyjn\u0105.<\/p>\n<p>Plakat w formacie B2 (70x50cm) drukowany jest na wysokiej jako\u015bci papierze kredowym nab\u0142yszczanym o gramaturze 200 g.\u00a0 Taki dob\u00f3r papieru pozwala na odpowiednie uwidocznienie grafiki. Ewentualne r\u00f3\u017cnice w barwach i odcieniach wydruku mog\u0105 wynika\u0107 z indywidualnych ustawienie\u0144 monitora.<\/p>\n<p><strong>Produkt sprzedawany jest bez ramy.<\/strong>\u00a0Dzi\u0119ki zamieszczonym wizualizacjom chcieli\u015bmy pom\u00f3c Tobie w wyborze plakatu, kt\u00f3ry b\u0119dzie nalepiej pasowa\u0142 do Twojego wn\u0119trza.<\/p>\n<p>Plakat sprzedawany jest w tubie, kt\u00f3r\u0105 przed wysy\u0142k\u0105 dok\u0142adnie zabezpieczamy foli\u0105, aby bezpiecznie dotar\u0142a do miejsca przeznaczenia.<\/p>\n<p>Jeste\u015b zainteresowany innym rozmiarem? Napisz do nas!<\/p>\n<hr \/>\n<p>Copyright 2021 by Beauty Management Sp. z o.o.<\/p>\n","protected":false},"excerpt":{"rendered":"<p>Plakat w poziomie, skupiaj\u0105cy si\u0119 na fazach wzrostu w\u0142osa. \u015awietnie sprawdzi si\u0119 zar\u00f3wno w gabinecie trychologicznym, jak i kosmetologicznym czy fryzjerskim. Plakat pe\u0142ni rol\u0119 informacyjn\u0105 i edukacyjn\u0105.<\/p>\n<hr \/>\n<p>Zam\u00f3w przez <strong><a href=\"https:\/\/business.allegro.pl\/uzytkownik\/TrychoBM\" target=\"_blank\" rel=\"noopener\">Allegro<\/a><\/strong> lub panel B2B <strong><a href=\"https:\/\/progab.pl\/progab-hurtownia-online\" target=\"_blank\" rel=\"noopener\">PROGAB.PL<\/a><\/strong><\/p>\n","protected":false},"featured_media":750,"comment_status":"closed","ping_status":"closed","template":"","meta":[],"product_cat":[24],"product_tag":[],"_links":{"self":[{"href":"https:\/\/trychoplakat.pl\/index.php\/wp-json\/wp\/v2\/product\/95"}],"collection":[{"href":"https:\/\/trychoplakat.pl\/index.php\/wp-json\/wp\/v2\/product"}],"about":[{"href":"https:\/\/trychoplakat.pl\/index.php\/wp-json\/wp\/v2\/types\/product"}],"replies":[{"embeddable":true,"href":"https:\/\/trychoplakat.pl\/index.php\/wp-json\/wp\/v2\/comments?post=95"}],"wp:featuredmedia":[{"embeddable":true,"href":"https:\/\/trychoplakat.pl\/index.php\/wp-json\/wp\/v2\/media\/750"}],"wp:attachment":[{"href":"https:\/\/trychoplakat.pl\/index.php\/wp-json\/wp\/v2\/media?parent=95"}],"wp:term":[{"taxonomy":"product_cat","embeddable":true,"href":"https:\/\/trychoplakat.pl\/index.php\/wp-json\/wp\/v2\/product_cat?post=95"},{"taxonomy":"product_tag","embeddable":true,"href":"https:\/\/trychoplakat.pl\/index.php\/wp-json\/wp\/v2\/product_tag?post=95"}],"curies":[{"name":"wp","href":"https:\/\/api.w.org\/{rel}","templated":true}]}}